{"id":1044,"date":"2023-06-07T23:37:19","date_gmt":"2023-06-08T02:37:19","guid":{"rendered":"https:\/\/kanatcontrols.com\/?page_id=1044"},"modified":"2025-03-28T04:51:36","modified_gmt":"2025-03-28T07:51:36","slug":"shop-page","status":"publish","type":"page","link":"https:\/\/kanatcontrols.com\/tr\/shop-page\/","title":{"rendered":"\u00dcr\u00fcnler"},"content":{"rendered":"<div data-elementor-type=\"wp-page\" data-elementor-id=\"1044\" class=\"elementor elementor-1044\">\n\t\t\t\t\t\t\t\t\t<section class=\"elementor-section elementor-top-section elementor-element elementor-element-32477c8 elementor-section-full_width elementor-section-height-default elementor-section-height-default\" data-id=\"32477c8\" data-element_type=\"section\" data-settings=\"{&quot;background_background&quot;:&quot;classic&quot;}\">\n\t\t\t\t\t\t<div class=\"elementor-container elementor-column-gap-default\">\n\t\t\t\t\t<div class=\"aux-parallax-section elementor-column elementor-col-100 elementor-top-column elementor-element elementor-element-9e584b6\" data-id=\"9e584b6\" data-element_type=\"column\">\n\t\t\t<div class=\"elementor-widget-wrap elementor-element-populated\">\n\t\t\t\t\t\t\t\t<div class=\"elementor-element elementor-element-6410712 elementor-widget elementor-widget-heading\" data-id=\"6410712\" data-element_type=\"widget\" data-widget_type=\"heading.default\">\n\t\t\t\t<div class=\"elementor-widget-container\">\n\t\t\t<style>\/*! elementor - v3.17.0 - 08-11-2023 *\/\n.elementor-heading-title{padding:0;margin:0;line-height:1}.elementor-widget-heading .elementor-heading-title[class*=elementor-size-]>a{color:inherit;font-size:inherit;line-height:inherit}.elementor-widget-heading .elementor-heading-title.elementor-size-small{font-size:15px}.elementor-widget-heading .elementor-heading-title.elementor-size-medium{font-size:19px}.elementor-widget-heading .elementor-heading-title.elementor-size-large{font-size:29px}.elementor-widget-heading .elementor-heading-title.elementor-size-xl{font-size:39px}.elementor-widget-heading .elementor-heading-title.elementor-size-xxl{font-size:59px}<\/style><h2 class=\"elementor-heading-title elementor-size-default\">\u00dcr\u00fcn Yelpazemizi Ke\u015ffedin<\/h2>\t\t<\/div>\n\t\t\t\t<\/div>\n\t\t\t\t\t<\/div>\n\t\t<\/div>\n\t\t\t\t\t\t\t<\/div>\n\t\t<\/section>\n\t\t\t\t<section class=\"elementor-section elementor-top-section elementor-element elementor-element-0b9658a elementor-section-height-min-height elementor-section-content-middle elementor-section-boxed elementor-section-height-default elementor-section-items-middle\" data-id=\"0b9658a\" data-element_type=\"section\" data-settings=\"{&quot;background_background&quot;:&quot;classic&quot;}\">\n\t\t\t\t\t\t<div class=\"elementor-container elementor-column-gap-default\">\n\t\t\t\t\t<div class=\"aux-parallax-section elementor-column elementor-col-100 elementor-top-column elementor-element elementor-element-6476363\" data-id=\"6476363\" data-element_type=\"column\" data-settings=\"{&quot;background_background&quot;:&quot;classic&quot;}\">\n\t\t\t<div class=\"elementor-widget-wrap elementor-element-populated\">\n\t\t\t\t\t\t\t\t<div class=\"elementor-element elementor-element-8f990ea elementor-product-loop-item--align-center elementor-widget__width-initial e-transform elementor-grid-4 elementor-grid-tablet-3 elementor-grid-mobile-2 elementor-products-grid elementor-wc-products elementor-invisible elementor-widget elementor-widget-woocommerce-products\" data-id=\"8f990ea\" data-element_type=\"widget\" data-settings=\"{&quot;_animation&quot;:&quot;fadeInRight&quot;,&quot;_transform_rotateZ_effect_hover&quot;:{&quot;unit&quot;:&quot;px&quot;,&quot;size&quot;:&quot;&quot;,&quot;sizes&quot;:[]},&quot;_transform_rotateZ_effect_hover_tablet&quot;:{&quot;unit&quot;:&quot;deg&quot;,&quot;size&quot;:&quot;&quot;,&quot;sizes&quot;:[]},&quot;_transform_rotateZ_effect_hover_mobile&quot;:{&quot;unit&quot;:&quot;deg&quot;,&quot;size&quot;:&quot;&quot;,&quot;sizes&quot;:[]}}\" data-widget_type=\"woocommerce-products.default\">\n\t\t\t\t<div class=\"elementor-widget-container\">\n\t\t\t<link rel=\"stylesheet\" href=\"https:\/\/kanatcontrols.com\/wp-content\/plugins\/elementor-pro\/assets\/css\/widget-woocommerce.min.css\"><div class=\"woocommerce columns-4\"><ul class=\"products elementor-grid columns-4\">\n<li class=\"product type-product post-1013 status-publish first instock product_cat-door-controller has-post-thumbnail shipping-taxable product-type-simple aux-remove-view-cart\">\n\t<a href=\"https:\/\/kanatcontrols.com\/tr\/urun\/general-purpose-door-controller\/\"><h2 class=\"woocommerce-loop-product__title\">Genel Ama\u00e7l\u0131 Otomatik Kap\u0131 Kart\u0131<\/h2><\/a><\/li>\n<li class=\"product type-product post-1042 status-publish instock product_cat-door-controller has-post-thumbnail shipping-taxable product-type-simple aux-remove-view-cart\">\n\t<a href=\"https:\/\/kanatcontrols.com\/tr\/urun\/door-drive-european-standard\/\"><h2 class=\"woocommerce-loop-product__title\">Otomatik Kap\u0131 Kart\u0131, Avrupa Standard\u0131<\/h2><\/a><\/li>\n<li class=\"product type-product post-1568 status-publish instock product_cat-uncategorized has-post-thumbnail shipping-taxable product-type-simple aux-remove-view-cart\">\n\t<a href=\"https:\/\/kanatcontrols.com\/tr\/urun\/curtain-photocell\/\"><h2 class=\"woocommerce-loop-product__title\">Curtain Photocell<\/h2><\/a><\/li>\n<li class=\"product type-product post-1143 status-publish last instock product_cat-cabin-sound-controller has-post-thumbnail shipping-taxable product-type-simple aux-remove-view-cart\">\n\t<a href=\"https:\/\/kanatcontrols.com\/tr\/urun\/cabin-sound-controller\/\"><h2 class=\"woocommerce-loop-product__title\">Kabin Ses Kontrol\u00f6r\u00fc<\/h2><\/a><\/li>\n<li class=\"product type-product post-1177 status-publish first instock product_cat-tariff-reader has-post-thumbnail shipping-taxable product-type-simple aux-remove-view-cart\">\n\t<a href=\"https:\/\/kanatcontrols.com\/tr\/urun\/bluetooth-remote-tariff-meter-reader\/\"><h2 class=\"woocommerce-loop-product__title\">Bluetooth Uzaktan Tarife Okuyucu<\/h2><\/a><\/li>\n<\/ul>\n<\/div>\t\t<\/div>\n\t\t\t\t<\/div>\n\t\t\t\t\t<\/div>\n\t\t<\/div>\n\t\t\t\t\t\t\t<\/div>\n\t\t<\/section>\n\t\t\t\t\t\t\t<\/div>","protected":false},"excerpt":{"rendered":"<p>\u00dcr\u00fcn Yelpazemizi Ke\u015ffedin<\/p>","protected":false},"author":1,"featured_media":0,"parent":0,"menu_order":0,"comment_status":"closed","ping_status":"closed","template":"","meta":{"footnotes":""},"_links":{"self":[{"href":"https:\/\/kanatcontrols.com\/tr\/wp-json\/wp\/v2\/pages\/1044"}],"collection":[{"href":"https:\/\/kanatcontrols.com\/tr\/wp-json\/wp\/v2\/pages"}],"about":[{"href":"https:\/\/kanatcontrols.com\/tr\/wp-json\/wp\/v2\/types\/page"}],"author":[{"embeddable":true,"href":"https:\/\/kanatcontrols.com\/tr\/wp-json\/wp\/v2\/users\/1"}],"replies":[{"embeddable":true,"href":"https:\/\/kanatcontrols.com\/tr\/wp-json\/wp\/v2\/comments?post=1044"}],"version-history":[{"count":158,"href":"https:\/\/kanatcontrols.com\/tr\/wp-json\/wp\/v2\/pages\/1044\/revisions"}],"predecessor-version":[{"id":1577,"href":"https:\/\/kanatcontrols.com\/tr\/wp-json\/wp\/v2\/pages\/1044\/revisions\/1577"}],"wp:attachment":[{"href":"https:\/\/kanatcontrols.com\/tr\/wp-json\/wp\/v2\/media?parent=1044"}],"curies":[{"name":"wp","href":"https:\/\/api.w.org\/{rel}","templated":true}]}}