{"id":566,"date":"2023-05-25T20:45:46","date_gmt":"2023-05-25T23:45:46","guid":{"rendered":"https:\/\/kanatcontrols.com\/?page_id=566"},"modified":"2023-11-09T22:33:30","modified_gmt":"2023-11-10T01:33:30","slug":"about","status":"publish","type":"page","link":"https:\/\/kanatcontrols.com\/tr\/about\/","title":{"rendered":"About"},"content":{"rendered":"<div data-elementor-type=\"wp-page\" data-elementor-id=\"566\" class=\"elementor elementor-566\">\n\t\t\t\t\t\t\t\t\t<section class=\"elementor-section elementor-top-section elementor-element elementor-element-a3c7e14 elementor-section-boxed elementor-section-height-default elementor-section-height-default\" data-id=\"a3c7e14\" data-element_type=\"section\" data-settings=\"{&quot;background_background&quot;:&quot;classic&quot;}\">\n\t\t\t\t\t\t<div class=\"elementor-container elementor-column-gap-default\">\n\t\t\t\t\t<div class=\"aux-parallax-section elementor-column elementor-col-100 elementor-top-column elementor-element elementor-element-7704275\" data-id=\"7704275\" data-element_type=\"column\">\n\t\t\t<div class=\"elementor-widget-wrap elementor-element-populated\">\n\t\t\t\t\t\t\t\t<div class=\"elementor-element elementor-element-06267ca elementor-widget elementor-widget-heading\" data-id=\"06267ca\" data-element_type=\"widget\" data-widget_type=\"heading.default\">\n\t\t\t\t<div class=\"elementor-widget-container\">\n\t\t\t<style>\/*! elementor - v3.17.0 - 08-11-2023 *\/\n.elementor-heading-title{padding:0;margin:0;line-height:1}.elementor-widget-heading .elementor-heading-title[class*=elementor-size-]>a{color:inherit;font-size:inherit;line-height:inherit}.elementor-widget-heading .elementor-heading-title.elementor-size-small{font-size:15px}.elementor-widget-heading .elementor-heading-title.elementor-size-medium{font-size:19px}.elementor-widget-heading .elementor-heading-title.elementor-size-large{font-size:29px}.elementor-widget-heading .elementor-heading-title.elementor-size-xl{font-size:39px}.elementor-widget-heading .elementor-heading-title.elementor-size-xxl{font-size:59px}<\/style><h2 class=\"elementor-heading-title elementor-size-default\">Asans\u00f6r kontrol sistemi tasar\u0131m\u0131nda lider bir isim olan Kanat Controls'a ho\u015f geldiniz<\/h2>\t\t<\/div>\n\t\t\t\t<\/div>\n\t\t\t\t\t<\/div>\n\t\t<\/div>\n\t\t\t\t\t\t\t<\/div>\n\t\t<\/section>\n\t\t\t\t<section class=\"elementor-section elementor-top-section elementor-element elementor-element-652beea elementor-section-boxed elementor-section-height-default elementor-section-height-default\" data-id=\"652beea\" data-element_type=\"section\" data-settings=\"{&quot;background_background&quot;:&quot;classic&quot;}\">\n\t\t\t\t\t\t<div class=\"elementor-container elementor-column-gap-default\">\n\t\t\t\t\t<div class=\"aux-parallax-section elementor-column elementor-col-100 elementor-top-column elementor-element elementor-element-3a143d2\" data-id=\"3a143d2\" data-element_type=\"column\">\n\t\t\t<div class=\"elementor-widget-wrap elementor-element-populated\">\n\t\t\t\t\t\t\t\t<section class=\"elementor-section elementor-inner-section elementor-element elementor-element-633aea0 elementor-section-boxed elementor-section-height-default elementor-section-height-default\" data-id=\"633aea0\" data-element_type=\"section\">\n\t\t\t\t\t\t<div class=\"elementor-container elementor-column-gap-default\">\n\t\t\t\t\t<div class=\"aux-parallax-section elementor-column elementor-col-66 elementor-inner-column elementor-element elementor-element-5abf6d5\" data-id=\"5abf6d5\" data-element_type=\"column\">\n\t\t\t<div class=\"elementor-widget-wrap elementor-element-populated\">\n\t\t\t\t\t\t\t\t<div class=\"elementor-element elementor-element-278bc8b elementor-widget__width-initial elementor-widget elementor-widget-text-editor\" data-id=\"278bc8b\" data-element_type=\"widget\" data-widget_type=\"text-editor.default\">\n\t\t\t\t<div class=\"elementor-widget-container\">\n\t\t\t<style>\/*! elementor - v3.17.0 - 08-11-2023 *\/\n.elementor-widget-text-editor.elementor-drop-cap-view-stacked .elementor-drop-cap{background-color:#69727d;color:#fff}.elementor-widget-text-editor.elementor-drop-cap-view-framed .elementor-drop-cap{color:#69727d;border:3px solid;background-color:transparent}.elementor-widget-text-editor:not(.elementor-drop-cap-view-default) .elementor-drop-cap{margin-top:8px}.elementor-widget-text-editor:not(.elementor-drop-cap-view-default) .elementor-drop-cap-letter{width:1em;height:1em}.elementor-widget-text-editor .elementor-drop-cap{float:left;text-align:center;line-height:1;font-size:50px}.elementor-widget-text-editor .elementor-drop-cap-letter{display:inline-block}<\/style>\t\t\t\t<h5>Kanat Controls olarak, asans\u00f6r uygulamalar\u0131na \u00f6zel geli\u015fmi\u015f kontrol sistemleri tasarl\u0131yoruz. Kalifiye m\u00fchendislerden olu\u015fan ekibimiz, asans\u00f6r kontrol sistemlerinde derinlemesine bilgi ve deneyime sahip olup, m\u00fc\u015fterilerimizin benzersiz gereksinimlerini kar\u015f\u0131layan \u00f6zelle\u015ftirilmi\u015f \u00e7\u00f6z\u00fcmler sunmam\u0131za olanak tan\u0131r.<\/h5><ul><li><p><span style=\"text-decoration: underline;\"><strong>Kanat Kontrollerinin Temel \u00d6zellikleri ve Faydalar\u0131:<\/strong><\/span><\/p><\/li><\/ul><p><strong>Asans\u00f6r Kabin Kap\u0131 Kontrol\u00f6rleri:<\/strong>Hassas ve g\u00fcvenilir asans\u00f6r kabin kap\u0131s\u0131 kontrol\u00f6rleri tasarlama konusunda uzman\u0131z. Kontrol\u00f6rlerimiz, sorunsuz ve senkronize kap\u0131 i\u015flemleri sa\u011flayarak yolcular\u0131n rahatl\u0131\u011f\u0131n\u0131 ve g\u00fcvenli\u011fini art\u0131r\u0131r.<\/p><p><strong>Kabin Ses Kontrol Cihazlar\u0131:<\/strong> Kanat Controls olarak geli\u015fmi\u015f kabin ses kontrol\u00f6rleri de sunuyoruz. Tasar\u0131mlar\u0131m\u0131z, asans\u00f6r kabinlerindeki ses kalitesini optimize ederek yolcular i\u00e7in ho\u015f ve s\u00fcr\u00fckleyici bir deneyim yarat\u0131yor.<\/p><p><strong>Kapsaml\u0131 Kontrol Sistemi Tasar\u0131mlar\u0131:<\/strong> Kabin kap\u0131s\u0131 ve ses kontrol\u00f6rlerine ek olarak, uzmanl\u0131\u011f\u0131m\u0131z \u00e7e\u015fitli di\u011fer kontrol odakl\u0131 tasar\u0131mlara kadar uzan\u0131r. Asans\u00f6r sistemlerinin farkl\u0131 y\u00f6nlerini kapsayan, kusursuz entegrasyon ve optimum performans sa\u011flayan kapsaml\u0131 kontrol \u00e7\u00f6z\u00fcmleri geli\u015ftiriyoruz.<\/p><p><strong>\u00d6zelle\u015ftirme ve Entegrasyon:<\/strong> Her asans\u00f6r sisteminin benzersiz oldu\u011funu anl\u0131yoruz. Bu nedenle, kontrol sistemlerimizin farkl\u0131 asans\u00f6r konfig\u00fcrasyonlar\u0131na uyum sa\u011flamas\u0131na olanak tan\u0131yan esnek \u00f6zelle\u015ftirme se\u00e7enekleri sunuyoruz. Tasar\u0131mlar\u0131m\u0131z, kurulum veya y\u00fckseltmeler s\u0131ras\u0131nda kesintileri en aza indirerek mevcut sistemlerle sorunsuz bir \u015fekilde entegre olur.<\/p><p><strong>G\u00fcvenilirlik ve G\u00fcvenlik:<\/strong> Asans\u00f6r sistemlerinde g\u00fcvenlik her \u015feyden \u00f6nemlidir. Kontrol sistemi tasar\u0131mlar\u0131m\u0131z, g\u00fcvenilirli\u011fe ve end\u00fcstri g\u00fcvenlik standartlar\u0131na uygunlu\u011fa \u00f6ncelik verir. Titiz testler ve kalite g\u00fcvence \u00f6nlemleri sayesinde sistemlerimizin kusursuz \u00e7al\u0131\u015fmas\u0131n\u0131 ve en y\u00fcksek g\u00fcvenlik gereksinimlerini kar\u015f\u0131lamas\u0131n\u0131 sa\u011fl\u0131yoruz.<\/p><ul><li><span style=\"text-decoration: underline;\"><strong>Bizim y\u00f6ntem:<\/strong><\/span><\/li><\/ul><p>Kanat Controls olarak her projeye m\u00fc\u015fteri odakl\u0131 bir anlay\u0131\u015fla yakla\u015f\u0131r\u0131z. \u00d6zel ihtiya\u00e7lar\u0131n\u0131 anlamak ve \u00f6zel \u00e7\u00f6z\u00fcmler sunmak i\u00e7in asans\u00f6r \u00fcreticileri, y\u00fckleniciler ve bak\u0131m ekipleri de dahil olmak \u00fczere m\u00fc\u015fterilerimizle yak\u0131n i\u015fbirli\u011fi yap\u0131yoruz. Amac\u0131m\u0131z, istisnai m\u00fc\u015fteri hizmeti sunmak ve t\u00fcm s\u00fcre\u00e7 boyunca m\u00fc\u015fteri memnuniyetini sa\u011flamakt\u0131r.<\/p>\t\t\t\t\t\t<\/div>\n\t\t\t\t<\/div>\n\t\t\t\t\t<\/div>\n\t\t<\/div>\n\t\t\t\t<div class=\"aux-parallax-section elementor-column elementor-col-33 elementor-inner-column elementor-element elementor-element-b9c11f1\" data-id=\"b9c11f1\" data-element_type=\"column\">\n\t\t\t<div class=\"elementor-widget-wrap elementor-element-populated\">\n\t\t\t\t\t\t\t\t<div class=\"elementor-element elementor-element-6ed0e3b elementor-widget elementor-widget-aux_image\" data-id=\"6ed0e3b\" data-element_type=\"widget\" data-widget_type=\"aux_image.default\">\n\t\t\t\t<div class=\"elementor-widget-container\">\n\t\t\t<section class=\"widget-container aux-widget-image aux-alignnone aux-parent-au4494d821\">\n    <div class=\"aux-media-hint-frame\">\n        <div class=\"aux-media-image\" >\n        \n            \n\n            \n                        \n                <\/div>\n    <\/div>\n\n<\/section><!-- widget-container -->\t\t<\/div>\n\t\t\t\t<\/div>\n\t\t\t\t<div class=\"elementor-element elementor-element-6481269 elementor-widget elementor-widget-image\" data-id=\"6481269\" data-element_type=\"widget\" data-widget_type=\"image.default\">\n\t\t\t\t<div class=\"elementor-widget-container\">\n\t\t\t<style>\/*! elementor - v3.17.0 - 08-11-2023 *\/\n.elementor-widget-image{text-align:center}.elementor-widget-image a{display:inline-block}.elementor-widget-image a img[src$=\".svg\"]{width:48px}.elementor-widget-image img{vertical-align:middle;display:inline-block}<\/style>\t\t\t\t\t\t\t\t\t\t\t\t<img decoding=\"async\" width=\"184\" height=\"532\" src=\"https:\/\/kanatcontrols.com\/wp-content\/uploads\/2023\/05\/NewGuy.jpg\" class=\"attachment-large size-large wp-image-956\" alt=\"\" \/>\t\t\t\t\t\t\t\t\t\t\t\t\t\t\t<\/div>\n\t\t\t\t<\/div>\n\t\t\t\t\t<\/div>\n\t\t<\/div>\n\t\t\t\t\t\t\t<\/div>\n\t\t<\/section>\n\t\t\t\t\t<\/div>\n\t\t<\/div>\n\t\t\t\t\t\t\t<\/div>\n\t\t<\/section>\n\t\t\t\t<section class=\"elementor-section elementor-top-section elementor-element elementor-element-d18394e elementor-section-boxed elementor-section-height-default elementor-section-height-default\" data-id=\"d18394e\" data-element_type=\"section\" data-settings=\"{&quot;background_background&quot;:&quot;classic&quot;,&quot;animation&quot;:&quot;none&quot;}\">\n\t\t\t\t\t\t<div class=\"elementor-container elementor-column-gap-default\">\n\t\t\t\t\t<div class=\"aux-parallax-section elementor-column elementor-col-100 elementor-top-column elementor-element elementor-element-6d391e8e\" data-id=\"6d391e8e\" data-element_type=\"column\">\n\t\t\t<div class=\"elementor-widget-wrap elementor-element-populated\">\n\t\t\t\t\t\t\t\t<div class=\"elementor-element elementor-element-3807712f elementor-headline--style-rotate elementor-widget elementor-widget-animated-headline\" data-id=\"3807712f\" data-element_type=\"widget\" data-settings=\"{&quot;headline_style&quot;:&quot;rotate&quot;,&quot;animation_type&quot;:&quot;flip&quot;,&quot;rotating_text&quot;:&quot;Head Designers&quot;,&quot;rotate_iteration_delay&quot;:2500}\" data-widget_type=\"animated-headline.default\">\n\t\t\t\t<div class=\"elementor-widget-container\">\n\t\t\t<link rel=\"stylesheet\" href=\"https:\/\/kanatcontrols.com\/wp-content\/plugins\/elementor-pro\/assets\/css\/widget-animated-headline.min.css\">\t\t<h3 class=\"elementor-headline elementor-headline-animation-type-flip\">\n\t\t\t\t<span class=\"elementor-headline-dynamic-wrapper elementor-headline-text-wrapper\">\n\t\t\t\t\t<span class=\"elementor-headline-dynamic-text elementor-headline-text-active\">\n\t\t\t\tBa\u015f Tasar\u0131mc\u0131lar\t\t\t<\/span>\n\t\t\t\t\t\t<\/span>\n\t\t\t\t<\/h3>\n\t\t\t\t<\/div>\n\t\t\t\t<\/div>\n\t\t\t\t<section class=\"elementor-section elementor-inner-section elementor-element elementor-element-65dfd991 elementor-section-content-middle elementor-section-boxed elementor-section-height-default elementor-section-height-default\" data-id=\"65dfd991\" data-element_type=\"section\">\n\t\t\t\t\t\t<div class=\"elementor-container elementor-column-gap-default\">\n\t\t\t\t\t<div class=\"aux-parallax-section elementor-column elementor-col-50 elementor-inner-column elementor-element elementor-element-6ac3d44c\" data-id=\"6ac3d44c\" data-element_type=\"column\">\n\t\t\t<div class=\"elementor-widget-wrap elementor-element-populated\">\n\t\t\t\t\t\t\t\t<div class=\"elementor-element elementor-element-66e279ae e-transform elementor-invisible elementor-widget elementor-widget-aux_staff\" data-id=\"66e279ae\" data-element_type=\"widget\" data-settings=\"{&quot;_animation&quot;:&quot;fadeInDown&quot;,&quot;_transform_translateX_effect_hover&quot;:{&quot;unit&quot;:&quot;px&quot;,&quot;size&quot;:&quot;&quot;,&quot;sizes&quot;:[]},&quot;_transform_translateX_effect_hover_tablet&quot;:{&quot;unit&quot;:&quot;px&quot;,&quot;size&quot;:&quot;&quot;,&quot;sizes&quot;:[]},&quot;_transform_translateX_effect_hover_mobile&quot;:{&quot;unit&quot;:&quot;px&quot;,&quot;size&quot;:&quot;&quot;,&quot;sizes&quot;:[]},&quot;_transform_translateY_effect_hover&quot;:{&quot;unit&quot;:&quot;px&quot;,&quot;size&quot;:&quot;&quot;,&quot;sizes&quot;:[]},&quot;_transform_translateY_effect_hover_tablet&quot;:{&quot;unit&quot;:&quot;px&quot;,&quot;size&quot;:&quot;&quot;,&quot;sizes&quot;:[]},&quot;_transform_translateY_effect_hover_mobile&quot;:{&quot;unit&quot;:&quot;px&quot;,&quot;size&quot;:&quot;&quot;,&quot;sizes&quot;:[]}}\" data-widget_type=\"aux_staff.default\">\n\t\t\t\t<div class=\"elementor-widget-container\">\n\t\t\t<section class=\"aux-wrap-style-simple widget-container aux-widget-staff aux-parent-au31f8b2c3\">    <div class=\"aux-staff-container aux-staff-pos-left aux-staff-text-center aux-staff-text-dark\" >\n            <div class=\"aux-staff-header aux-staff-img-round-rect\">\n            <div class=\"aux-media-image\"><img decoding=\"async\" width=\"300\" height=\"300\" src=\"https:\/\/kanatcontrols.com\/wp-content\/uploads\/2023\/05\/IMG_20230516_155445_002.jpg\" alt=\"IMG_20230516_155445_002\" srcset=\"https:\/\/kanatcontrols.com\/wp-content\/uploads\/2023\/05\/IMG_20230516_155445_002-150x150.jpg 150w,https:\/\/kanatcontrols.com\/wp-content\/uploads\/2023\/05\/IMG_20230516_155445_002-300x300.jpg 300w,https:\/\/kanatcontrols.com\/wp-content\/uploads\/2023\/05\/IMG_20230516_155445_002.jpg 300w\" data-ratio=\"1\" data-original-w=\"622\" \/><\/div>        <\/div>\n            <div class=\"aux-staff-content\">\n                        <h4 class=\"col-title\">Farhad Khalilzadeh<\/h4>\n                        <h5 class=\"col-subtitle\">Circuit and PCB designer<\/h5>\n                        <div class=\"entry-content\">\n                                Yenilik\u00e7i \u00e7\u00f6z\u00fcmleriyle tan\u0131nan deneyimli bir devre ve donan\u0131m tasar\u0131mc\u0131s\u0131. Elektrik m\u00fchendisli\u011finde g\u00fc\u00e7l\u00fc bir ge\u00e7mi\u015fe sahip olarak, analog ve dijital devre tasar\u0131m\u0131, PCB d\u00fczeni ve sistem entegrasyonunda m\u00fckemmeldir.            <\/div>\n                    <\/div>\n\n    <\/div>\n\n\n<\/section><!-- widget-container -->\t\t<\/div>\n\t\t\t\t<\/div>\n\t\t\t\t\t<\/div>\n\t\t<\/div>\n\t\t\t\t<div class=\"aux-parallax-section elementor-column elementor-col-50 elementor-inner-column elementor-element elementor-element-418f2fd7\" data-id=\"418f2fd7\" data-element_type=\"column\">\n\t\t\t<div class=\"elementor-widget-wrap elementor-element-populated\">\n\t\t\t\t\t\t\t\t<div class=\"elementor-element elementor-element-101f7f10 elementor-invisible elementor-widget elementor-widget-aux_staff\" data-id=\"101f7f10\" data-element_type=\"widget\" data-settings=\"{&quot;_animation&quot;:&quot;fadeInDown&quot;}\" data-widget_type=\"aux_staff.default\">\n\t\t\t\t<div class=\"elementor-widget-container\">\n\t\t\t<section class=\"aux-wrap-style-simple widget-container aux-widget-staff aux-parent-aua87d500a\">    <div class=\"aux-staff-container aux-staff-pos-left aux-staff-text-center aux-staff-text-dark\" >\n            <div class=\"aux-staff-header aux-staff-img-round-rect\">\n            <div class=\"aux-media-image\"><img decoding=\"async\" width=\"1024\" height=\"1024\" src=\"https:\/\/kanatcontrols.com\/wp-content\/uploads\/2023\/05\/IMG_20230409_212128_267.jpg\" alt=\"IMG_20230409_212128_267\" srcset=\"https:\/\/kanatcontrols.com\/wp-content\/uploads\/2023\/05\/IMG_20230409_212128_267-150x150.jpg 150w,https:\/\/kanatcontrols.com\/wp-content\/uploads\/2023\/05\/IMG_20230409_212128_267-300x300.jpg 300w,https:\/\/kanatcontrols.com\/wp-content\/uploads\/2023\/05\/IMG_20230409_212128_267-768x768.jpg 768w,https:\/\/kanatcontrols.com\/wp-content\/uploads\/2023\/05\/IMG_20230409_212128_267-1024x1024.jpg 1024w,https:\/\/kanatcontrols.com\/wp-content\/uploads\/2023\/05\/IMG_20230409_212128_267.jpg 1024w\" data-ratio=\"1\" data-original-w=\"1290\" \/><\/div>        <\/div>\n            <div class=\"aux-staff-content\">\n                        <h4 class=\"col-title\">Zahed Dastan<\/h4>\n                        <h5 class=\"col-subtitle\">Control systems designer<\/h5>\n                        <div class=\"entry-content\">\n                                Kontrol sistemi tasar\u0131mc\u0131m\u0131z, optimum sistem performans\u0131 i\u00e7in sa\u011flam kontrol \u00e7\u00f6z\u00fcmleri geli\u015ftirmede uzmanla\u015fm\u0131\u015ft\u0131r. Do\u011frusal ve do\u011frusal olmayan sistemlerdeki uzmanl\u0131\u011f\u0131yla, beklentileri a\u015fan y\u00fcksek kaliteli tasar\u0131mlar sunar.            <\/div>\n                    <\/div>\n\n    <\/div>\n\n\n<\/section><!-- widget-container -->\t\t<\/div>\n\t\t\t\t<\/div>\n\t\t\t\t\t<\/div>\n\t\t<\/div>\n\t\t\t\t\t\t\t<\/div>\n\t\t<\/section>\n\t\t\t\t\t<\/div>\n\t\t<\/div>\n\t\t\t\t\t\t\t<\/div>\n\t\t<\/section>\n\t\t\t\t\t\t\t<\/div>","protected":false},"excerpt":{"rendered":"<p>Welcome to Kanat Controls, a leading name in elevator control system design At Kanat Controls, we design advanced control systems specifically tailored for elevator applications. Our team of skilled engineers possesses in-depth knowledge and experience in elevator control systems, allowing us to deliver customized solutions that meet the unique requirements of our clients. Key Features [&hellip;]<\/p>","protected":false},"author":1,"featured_media":0,"parent":0,"menu_order":0,"comment_status":"closed","ping_status":"closed","template":"","meta":{"footnotes":""},"_links":{"self":[{"href":"https:\/\/kanatcontrols.com\/tr\/wp-json\/wp\/v2\/pages\/566"}],"collection":[{"href":"https:\/\/kanatcontrols.com\/tr\/wp-json\/wp\/v2\/pages"}],"about":[{"href":"https:\/\/kanatcontrols.com\/tr\/wp-json\/wp\/v2\/types\/page"}],"author":[{"embeddable":true,"href":"https:\/\/kanatcontrols.com\/tr\/wp-json\/wp\/v2\/users\/1"}],"replies":[{"embeddable":true,"href":"https:\/\/kanatcontrols.com\/tr\/wp-json\/wp\/v2\/comments?post=566"}],"version-history":[{"count":34,"href":"https:\/\/kanatcontrols.com\/tr\/wp-json\/wp\/v2\/pages\/566\/revisions"}],"predecessor-version":[{"id":1478,"href":"https:\/\/kanatcontrols.com\/tr\/wp-json\/wp\/v2\/pages\/566\/revisions\/1478"}],"wp:attachment":[{"href":"https:\/\/kanatcontrols.com\/tr\/wp-json\/wp\/v2\/media?parent=566"}],"curies":[{"name":"wp","href":"https:\/\/api.w.org\/{rel}","templated":true}]}}