{"id":1013,"date":"2023-06-07T00:38:55","date_gmt":"2023-06-07T03:38:55","guid":{"rendered":"https:\/\/kanatcontrols.com\/?post_type=product&#038;p=1013"},"modified":"2026-03-16T10:12:17","modified_gmt":"2026-03-16T13:12:17","slug":"general-purpose-door-controller","status":"publish","type":"product","link":"https:\/\/kanatcontrols.com\/tr\/urun\/general-purpose-door-controller\/","title":{"rendered":"Genel Ama\u00e7l\u0131 Otomatik Kap\u0131 Kart\u0131"},"content":{"rendered":"<ul>\n<li>Enkoderli DC motorlarla \u00e7al\u0131\u015fan asans\u00f6r kap\u0131lar\u0131 i\u00e7in nihai \u00e7\u00f6z\u00fcm. Hem otomatik hem de yar\u0131 otomatik kap\u0131lar\u0131 d\u00f6n\u00fc\u015ft\u00fcren bu geli\u015fmi\u015f kontrol\u00f6r, en son \u00f6zellikleri kullan\u0131c\u0131 dostu \u00e7al\u0131\u015fma ile birle\u015ftirir.<\/li>\n<li>Sezgisel bir LCD ekran\u0131 ve \u0130ngilizce, T\u00fcrk\u00e7e ve Fars\u00e7a men\u00fcleri ile kontrol\u00f6r\u00fcm\u00fczle etkile\u015fim kurmak zahmetsizdir. Parametreleri m\u00fckemmele ayarlayarak asans\u00f6r kap\u0131lar\u0131n\u0131z\u0131n tam kontrol\u00fcn\u00fc elinize al\u0131n.<\/li>\n<li>Kontrol\u00f6r\u00fcm\u00fcz\u00fcn yenilik\u00e7i h\u0131z fonksiyonu ile kusursuz kap\u0131 hareketini deneyimleyin. Optimum performans i\u00e7in parametreleri uyarlayarak kap\u0131 boyutundaki de\u011fi\u015fiklikleri otomatik olarak alg\u0131lar. Hata alg\u0131lama ve raporlama, g\u00fcvenli ve g\u00fcvenilir bir asans\u00f6r deneyimi sa\u011flar.<\/li>\n<li>Devre kart\u0131m\u0131z\u0131n \u00fcst\u00fcn tasar\u0131m\u0131, kesintisiz \u00e7al\u0131\u015fmay\u0131 garanti ederek \u00e7evresel g\u00fcr\u00fclt\u00fcy\u00fc ortadan kald\u0131r\u0131r. En kaliteli bile\u015fenlerle haz\u0131rlanm\u0131\u015f, e\u015fsiz dayan\u0131kl\u0131l\u0131k sunar.<\/li>\n<li>Denetleyicimizi kurmak \u00e7ocuk oyunca\u011f\u0131d\u0131r - iki veya bir \u00e7\u0131k\u0131\u015fl\u0131 kodlay\u0131c\u0131lara sorunsuz bir \u015fekilde uyum sa\u011flayarak s\u00fcreci basitle\u015ftirir. Son teknoloji Asans\u00f6r Kap\u0131s\u0131 Kontrol \u00dcnitemiz ile asans\u00f6r kap\u0131lar\u0131n\u0131z\u0131 bug\u00fcn y\u00fckseltin.<\/li>\n<li><div style=\"width: 848px;\" class=\"wp-video\"><!--[if lt IE 9]><script>document.createElement('video');<\/script><![endif]-->\n<video class=\"wp-video-shortcode\" id=\"video-1013-1\" width=\"848\" height=\"480\" preload=\"metadata\" controls=\"controls\"><source type=\"video\/mp4\" src=\"http:\/\/kanatcontrols.com\/wp-content\/uploads\/2023\/06\/GeneralBoard_NoEncoder.mp4?_=1\" \/><a href=\"http:\/\/kanatcontrols.com\/wp-content\/uploads\/2023\/06\/GeneralBoard_NoEncoder.mp4\">http:\/\/kanatcontrols.com\/wp-content\/uploads\/2023\/06\/GeneralBoard_NoEncoder.mp4<\/a><\/video><\/div><\/li>\n<\/ul>","protected":false},"excerpt":{"rendered":"<p>Elevator door drive for DC motors with encoders<\/p>","protected":false},"featured_media":1790,"comment_status":"open","ping_status":"closed","template":"","meta":[],"product_cat":[36],"product_tag":[],"_links":{"self":[{"href":"https:\/\/kanatcontrols.com\/tr\/wp-json\/wp\/v2\/product\/1013"}],"collection":[{"href":"https:\/\/kanatcontrols.com\/tr\/wp-json\/wp\/v2\/product"}],"about":[{"href":"https:\/\/kanatcontrols.com\/tr\/wp-json\/wp\/v2\/types\/product"}],"replies":[{"embeddable":true,"href":"https:\/\/kanatcontrols.com\/tr\/wp-json\/wp\/v2\/comments?post=1013"}],"wp:featuredmedia":[{"embeddable":true,"href":"https:\/\/kanatcontrols.com\/tr\/wp-json\/wp\/v2\/media\/1790"}],"wp:attachment":[{"href":"https:\/\/kanatcontrols.com\/tr\/wp-json\/wp\/v2\/media?parent=1013"}],"wp:term":[{"taxonomy":"product_cat","embeddable":true,"href":"https:\/\/kanatcontrols.com\/tr\/wp-json\/wp\/v2\/product_cat?post=1013"},{"taxonomy":"product_tag","embeddable":true,"href":"https:\/\/kanatcontrols.com\/tr\/wp-json\/wp\/v2\/product_tag?post=1013"}],"curies":[{"name":"wp","href":"https:\/\/api.w.org\/{rel}","templated":true}]}}