{"id":1042,"date":"2023-06-07T23:25:21","date_gmt":"2023-06-08T02:25:21","guid":{"rendered":"https:\/\/kanatcontrols.com\/?post_type=product&#038;p=1042"},"modified":"2026-03-16T10:12:15","modified_gmt":"2026-03-16T13:12:15","slug":"door-drive-european-standard","status":"publish","type":"product","link":"https:\/\/kanatcontrols.com\/tr\/urun\/door-drive-european-standard\/","title":{"rendered":"Otomatik Kap\u0131 Kart\u0131, Avrupa Standard\u0131"},"content":{"rendered":"<ul>\n<li>Sorunsuz asans\u00f6r kap\u0131s\u0131 \u00e7al\u0131\u015fmas\u0131 i\u00e7in m\u00fckemmel \u00e7\u00f6z\u00fcm. Avrupa standartlar\u0131 g\u00f6z \u00f6n\u00fcnde bulundurularak tasarlanan bu geli\u015fmi\u015f denetleyici, rakipsiz performans ve uyumluluk sunar.<\/li>\n<li>Son teknoloji kontrol cihaz\u0131m\u0131zla asans\u00f6r kap\u0131lar\u0131n\u0131z \u00fczerinde kusursuz kontrol\u00fc deneyimleyin. Kesin i\u015flevselli\u011fi, Avrupa standartlar\u0131n\u0131n zorlu taleplerini kar\u015f\u0131layarak sorunsuz ve verimli hareket sa\u011flar.<\/li>\n<li>Kontrol\u00f6r\u00fcm\u00fcz, kapsaml\u0131 hata alg\u0131lama sistemi ile beklentileri a\u015f\u0131yor. Herhangi bir anormalli\u011fi otomatik olarak tan\u0131mlay\u0131p rapor ederek yolcular i\u00e7in en y\u00fcksek g\u00fcvenlik ve g\u00fcvenilirli\u011fi garanti eder.<\/li>\n<li>Avrupa standartlar\u0131na uygun olarak \u00e7al\u0131\u015fan kontrol\u00f6r\u00fcm\u00fcz, \u00e7evresel g\u00fcr\u00fclt\u00fcy\u00fc ortadan kald\u0131rmak ve sorunsuz bir deneyim sa\u011flamak i\u00e7in tasarlanm\u0131\u015ft\u0131r. Sa\u011flam yap\u0131s\u0131 ve en kaliteli malzemeleri uzun s\u00fcreli performans sa\u011flar.<\/li>\n<li>Kullan\u0131c\u0131 dostu aray\u00fcz\u00fc ve \u00e7e\u015fitli asans\u00f6r sistemleriyle uyumlulu\u011fu sayesinde kurulum \u00e7ok kolayd\u0131r. Son teknoloji Asans\u00f6r Kap\u0131s\u0131 Kontrol \u00dcnitemiz ile bug\u00fcn asans\u00f6r kap\u0131lar\u0131n\u0131z\u0131 Avrupa standartlar\u0131na y\u00fckseltin.<\/li>\n<\/ul>","protected":false},"excerpt":{"rendered":"<p>European Standard elevator door controller<\/p>","protected":false},"featured_media":1792,"comment_status":"open","ping_status":"closed","template":"","meta":[],"product_cat":[36],"product_tag":[],"_links":{"self":[{"href":"https:\/\/kanatcontrols.com\/tr\/wp-json\/wp\/v2\/product\/1042"}],"collection":[{"href":"https:\/\/kanatcontrols.com\/tr\/wp-json\/wp\/v2\/product"}],"about":[{"href":"https:\/\/kanatcontrols.com\/tr\/wp-json\/wp\/v2\/types\/product"}],"replies":[{"embeddable":true,"href":"https:\/\/kanatcontrols.com\/tr\/wp-json\/wp\/v2\/comments?post=1042"}],"wp:featuredmedia":[{"embeddable":true,"href":"https:\/\/kanatcontrols.com\/tr\/wp-json\/wp\/v2\/media\/1792"}],"wp:attachment":[{"href":"https:\/\/kanatcontrols.com\/tr\/wp-json\/wp\/v2\/media?parent=1042"}],"wp:term":[{"taxonomy":"product_cat","embeddable":true,"href":"https:\/\/kanatcontrols.com\/tr\/wp-json\/wp\/v2\/product_cat?post=1042"},{"taxonomy":"product_tag","embeddable":true,"href":"https:\/\/kanatcontrols.com\/tr\/wp-json\/wp\/v2\/product_tag?post=1042"}],"curies":[{"name":"wp","href":"https:\/\/api.w.org\/{rel}","templated":true}]}}