{"id":1143,"date":"2023-06-14T23:10:16","date_gmt":"2023-06-15T02:10:16","guid":{"rendered":"https:\/\/kanatcontrols.com\/?post_type=product&#038;p=1143"},"modified":"2025-08-31T05:26:22","modified_gmt":"2025-08-31T08:26:22","slug":"cabin-sound-controller","status":"publish","type":"product","link":"https:\/\/kanatcontrols.com\/tr\/urun\/cabin-sound-controller\/","title":{"rendered":"Kabin Ses Kontrol\u00f6r\u00fc"},"content":{"rendered":"<p>\u00c7ok dilli asans\u00f6r deneyimleri i\u00e7in nihai \u00e7\u00f6z\u00fcm. S\u0131n\u0131rs\u0131z haf\u0131za ve kolay kurulum ile bu cihaz, g\u00fcr\u00fclt\u00fcl\u00fc ortamlarda bile her dilde net ileti\u015fim sa\u011flar. Yolcular\u0131n\u0131z\u0131n deneyimini bug\u00fcn y\u00fckseltin!<\/p>","protected":false},"excerpt":{"rendered":"<p>Multilingual elevator cabin sound controller<\/p>","protected":false},"featured_media":1789,"comment_status":"open","ping_status":"closed","template":"","meta":[],"product_cat":[38],"product_tag":[],"_links":{"self":[{"href":"https:\/\/kanatcontrols.com\/tr\/wp-json\/wp\/v2\/product\/1143"}],"collection":[{"href":"https:\/\/kanatcontrols.com\/tr\/wp-json\/wp\/v2\/product"}],"about":[{"href":"https:\/\/kanatcontrols.com\/tr\/wp-json\/wp\/v2\/types\/product"}],"replies":[{"embeddable":true,"href":"https:\/\/kanatcontrols.com\/tr\/wp-json\/wp\/v2\/comments?post=1143"}],"wp:featuredmedia":[{"embeddable":true,"href":"https:\/\/kanatcontrols.com\/tr\/wp-json\/wp\/v2\/media\/1789"}],"wp:attachment":[{"href":"https:\/\/kanatcontrols.com\/tr\/wp-json\/wp\/v2\/media?parent=1143"}],"wp:term":[{"taxonomy":"product_cat","embeddable":true,"href":"https:\/\/kanatcontrols.com\/tr\/wp-json\/wp\/v2\/product_cat?post=1143"},{"taxonomy":"product_tag","embeddable":true,"href":"https:\/\/kanatcontrols.com\/tr\/wp-json\/wp\/v2\/product_tag?post=1143"}],"curies":[{"name":"wp","href":"https:\/\/api.w.org\/{rel}","templated":true}]}}