{"id":1177,"date":"2023-06-14T23:42:09","date_gmt":"2023-06-15T02:42:09","guid":{"rendered":"https:\/\/kanatcontrols.com\/?post_type=product&#038;p=1177"},"modified":"2025-05-08T04:35:44","modified_gmt":"2025-05-08T07:35:44","slug":"bluetooth-remote-tariff-meter-reader","status":"publish","type":"product","link":"https:\/\/kanatcontrols.com\/tr\/urun\/bluetooth-remote-tariff-meter-reader\/","title":{"rendered":"Bluetooth Uzaktan Tarife Okuyucu"},"content":{"rendered":"<p>Kesin tarife takibi i\u00e7in nihai \u00e7\u00f6z\u00fcm. IEC62056-21 protokolleri deste\u011fi, uzaktan programlanabilirlik ve 8 saate kadar uzat\u0131lm\u0131\u015f pil \u00f6mr\u00fc ile bu cihaz rahatl\u0131k ve esneklik sunar. Y\u00fcksek \u00e7\u00f6z\u00fcn\u00fcrl\u00fckl\u00fc ekran kolay etkile\u015fim sa\u011flarken, kapsaml\u0131 veri analizi de\u011ferli bilgiler sa\u011flar. Kullan\u0131c\u0131 dostu Bluetooth Tarife okuyucumuz ile enerji kullan\u0131m\u0131n\u0131z\u0131n kontrol\u00fcn\u00fc elinize al\u0131n.<\/p>","protected":false},"excerpt":{"rendered":"<p>Bluetooth remote tariff reader<\/p>","protected":false},"featured_media":1791,"comment_status":"open","ping_status":"closed","template":"","meta":[],"product_cat":[39],"product_tag":[],"_links":{"self":[{"href":"https:\/\/kanatcontrols.com\/tr\/wp-json\/wp\/v2\/product\/1177"}],"collection":[{"href":"https:\/\/kanatcontrols.com\/tr\/wp-json\/wp\/v2\/product"}],"about":[{"href":"https:\/\/kanatcontrols.com\/tr\/wp-json\/wp\/v2\/types\/product"}],"replies":[{"embeddable":true,"href":"https:\/\/kanatcontrols.com\/tr\/wp-json\/wp\/v2\/comments?post=1177"}],"wp:featuredmedia":[{"embeddable":true,"href":"https:\/\/kanatcontrols.com\/tr\/wp-json\/wp\/v2\/media\/1791"}],"wp:attachment":[{"href":"https:\/\/kanatcontrols.com\/tr\/wp-json\/wp\/v2\/media?parent=1177"}],"wp:term":[{"taxonomy":"product_cat","embeddable":true,"href":"https:\/\/kanatcontrols.com\/tr\/wp-json\/wp\/v2\/product_cat?post=1177"},{"taxonomy":"product_tag","embeddable":true,"href":"https:\/\/kanatcontrols.com\/tr\/wp-json\/wp\/v2\/product_tag?post=1177"}],"curies":[{"name":"wp","href":"https:\/\/api.w.org\/{rel}","templated":true}]}}